{"id":3,"date":"2025-01-23T03:03:41","date_gmt":"2025-01-23T03:03:41","guid":{"rendered":"http:\/\/aaronabelmaldonado.com\/?page_id=3"},"modified":"2025-02-17T23:31:51","modified_gmt":"2025-02-17T23:31:51","slug":"privacy-policy","status":"publish","type":"page","link":"https:\/\/aaronabelmaldonado.com\/en\/privacy-policy\/","title":{"rendered":"Privacy Policy"},"content":{"rendered":"<div data-elementor-type=\"wp-page\" data-elementor-id=\"3\" class=\"elementor elementor-3\" data-elementor-post-type=\"page\">\n\t\t\t\t<div class=\"elementor-element elementor-element-173e3bca e-flex e-con-boxed e-con e-parent\" data-id=\"173e3bca\" data-element_type=\"container\" data-e-type=\"container\">\n\t\t\t\t\t<div class=\"e-con-inner\">\n\t\t\t\t<div class=\"elementor-element elementor-element-75114017 elementor-widget elementor-widget-text-editor\" data-id=\"75114017\" data-element_type=\"widget\" data-e-type=\"widget\" data-widget_type=\"text-editor.default\">\n\t\t\t\t<div class=\"elementor-widget-container\">\n\t\t\t\t\t\t\t\t\t\n<h2 class=\"wp-block-heading\"><b>Pol\u00edticas p\u00e1gina web:\u00a0<\/b><\/h2>\n<p><span style=\"font-weight: 400;\">BE CONSCIOUS AWAKENING GROUP, LLC NO tiene como pol\u00edtica comercial realizar reembolsos o devoluciones de los pagos realizados por conceptos de inscripci\u00f3n en nuestros talleres, experiencias y sesiones individuales..<\/span><\/p>\n<h3><b>Pol\u00edticas de servicio:<\/b><\/h3>\n<p><span style=\"font-weight: 400;\">\u200b\u200bEstimado cliente, para asegurar el compromiso y la efectividad de nuestras sesiones, le compartimos nuestras pol\u00edticas de cancelaci\u00f3n, por favor leer con atenci\u00f3n, estamos a la orden para cualquier pregunta al respecto:\u00a0<\/span><\/p>\n<h4><strong>Confirmaci\u00f3n de Cita:\u00a0<\/strong><\/h4>\n<ul>\n<li style=\"font-weight: 400;\" aria-level=\"1\"><span style=\"font-weight: 400;\">Se requiere que todos los clientes confirmen su cita al menos 24 horas antes de la cita programada. La confirmaci\u00f3n puede hacerse a trav\u00e9s de llamada telef\u00f3nica, o v\u00eda whatsapp.<\/span><\/li>\n<\/ul>\n<p><strong>Cancelaciones:\u00a0<\/strong><\/p>\n<ul>\n<li style=\"font-weight: 400;\" aria-level=\"1\"><span style=\"font-weight: 400;\">Si un cliente necesita cancelar una cita, debe hacerlo con un m\u00ednimo de 24 horas de antelaci\u00f3n. Las cancelaciones realizadas con menos de 24 horas de anticipaci\u00f3n ser\u00e1n consideradas como &#8220;cancelaci\u00f3n el mismo d\u00eda&#8221;.<\/span><\/li>\n<\/ul>\n<p><strong>Penalidad:\u00a0<\/strong><\/p>\n<ul>\n<li style=\"font-weight: 400;\" aria-level=\"1\"><span style=\"font-weight: 400;\">Si la cita no es confirmada 24 horas antes, si se cancela el mismo d\u00eda, o si el cliente simplemente no se presenta a la cita, se cobrar\u00e1 una penalidad equivalente al costo total de la sesi\u00f3n programada.<\/span><\/li>\n<\/ul>\n<p><strong>Excepciones:\u00a0<\/strong><\/p>\n<ul>\n<li style=\"font-weight: 400;\" aria-level=\"1\"><span style=\"font-weight: 400;\">Las cancelaciones por razones de emergencia o circunstancias imprevistas (como problemas de salud) ser\u00e1n evaluadas caso por caso. Se alienta a los clientes a comunicarse para discutir cualquier situaci\u00f3n especial lo antes posible.<\/span><\/li>\n<\/ul>\n<p><strong>Reprogramaci\u00f3n:\u00a0<\/strong><\/p>\n<ul>\n<li style=\"font-weight: 400;\" aria-level=\"1\"><span style=\"font-weight: 400;\">Se permitir\u00e1 reprogramar una cita si se notifica con al menos 24 horas de anticipaci\u00f3n, sin penalidad.<\/span><\/li>\n<\/ul>\n<p><strong>Aceptaci\u00f3n de la Pol\u00edtica:\u00a0<\/strong><\/p>\n<ul>\n<li style=\"font-weight: 400;\" aria-level=\"1\"><span style=\"font-weight: 400;\">Al agendar una cita, el cliente acepta esta pol\u00edtica de cancelaci\u00f3n en su totalidad.<\/span><\/li>\n<\/ul>\n<p><strong>\u00a1Mil Gracias!<\/strong><\/p>\n<h2 class=\"wp-block-heading\"><br \/><br \/><\/h2>\t\t\t\t\t\t\t\t<\/div>\n\t\t\t\t<\/div>\n\t\t\t\t\t<\/div>\n\t\t\t\t<\/div>\n\t\t\t\t<\/div>","protected":false},"excerpt":{"rendered":"<p>Pol\u00edticas p\u00e1gina web:\u00a0 BE CONSCIOUS AWAKENING GROUP, LLC NO tiene como pol\u00edtica comercial realizar reembolsos o devoluciones de los pagos realizados por conceptos de inscripci\u00f3n en nuestros talleres, experiencias y sesiones individuales.. Pol\u00edticas de servicio: \u200b\u200bEstimado cliente, para asegurar el compromiso y la efectividad de nuestras sesiones, le compartimos nuestras pol\u00edticas de cancelaci\u00f3n, por favor [&hellip;]<\/p>","protected":false},"author":1,"featured_media":0,"parent":0,"menu_order":8,"comment_status":"closed","ping_status":"open","template":"","meta":{"_acf_changed":false,"_joinchat":[],"footnotes":""},"class_list":["post-3","page","type-page","status-publish","hentry"],"acf":[],"_links":{"self":[{"href":"https:\/\/aaronabelmaldonado.com\/en\/wp-json\/wp\/v2\/pages\/3","targetHints":{"allow":["GET"]}}],"collection":[{"href":"https:\/\/aaronabelmaldonado.com\/en\/wp-json\/wp\/v2\/pages"}],"about":[{"href":"https:\/\/aaronabelmaldonado.com\/en\/wp-json\/wp\/v2\/types\/page"}],"author":[{"embeddable":true,"href":"https:\/\/aaronabelmaldonado.com\/en\/wp-json\/wp\/v2\/users\/1"}],"replies":[{"embeddable":true,"href":"https:\/\/aaronabelmaldonado.com\/en\/wp-json\/wp\/v2\/comments?post=3"}],"version-history":[{"count":12,"href":"https:\/\/aaronabelmaldonado.com\/en\/wp-json\/wp\/v2\/pages\/3\/revisions"}],"predecessor-version":[{"id":692,"href":"https:\/\/aaronabelmaldonado.com\/en\/wp-json\/wp\/v2\/pages\/3\/revisions\/692"}],"wp:attachment":[{"href":"https:\/\/aaronabelmaldonado.com\/en\/wp-json\/wp\/v2\/media?parent=3"}],"curies":[{"name":"wp","href":"https:\/\/api.w.org\/{rel}","templated":true}]}}