{"id":1419,"date":"2025-02-19T04:22:29","date_gmt":"2025-02-19T04:22:29","guid":{"rendered":"https:\/\/aaronabelmaldonado.com\/?post_type=product&#038;p=1419"},"modified":"2025-09-14T16:26:48","modified_gmt":"2025-09-14T20:26:48","slug":"taller-de-soltar-y-perdonar","status":"publish","type":"product","link":"https:\/\/aaronabelmaldonado.com\/fr\/produit\/taller-de-soltar-y-perdonar\/","title":{"rendered":"Taller El Poder de Soltar"},"content":{"rendered":"<p><span style=\"font-weight: 400;\">Nous vous invitons \u00e0 faire partie de l\u2019exp\u00e9rience de l\u2019atelier Le pouvoir du l\u00e2cher prise et du pardon. Durant l'Atelier, nous apprendrons \u00e0 la fois des concepts et des outils pratiques et simples pour int\u00e9grer l'outil du l\u00e2cher prise et du pardon dans notre quotidien. Avec des vid\u00e9os explicatives et des exercices, nous entrerons dans un processus de gu\u00e9rison qui nous permettra de nous lib\u00e9rer des pens\u00e9es et croyances limitantes.\u00a0<\/span><\/p>","protected":false},"excerpt":{"rendered":"<p>Te invitamos a ser parte de la experiencia del Taller del Poder de Soltar y Perdonar. Durante el Taller, aprenderemos tanto conceptos como herramientas pr\u00e1cticas y sencillas para integrar la herramienta de soltar y perdonar en nuestra vida diaria. Con videos explicativos y ejercicios, nos adentraremos en un proceso de sanaci\u00f3n que nos permitir\u00e1 liberar [&hellip;]<\/p>","protected":false},"featured_media":649,"comment_status":"closed","ping_status":"closed","template":"","meta":{"_acf_changed":false,"_joinchat":[]},"product_brand":[],"product_cat":[30],"product_tag":[],"class_list":{"0":"post-1419","1":"product","2":"type-product","3":"status-publish","4":"has-post-thumbnail","6":"product_cat-talleres","8":"first","9":"instock","10":"shipping-taxable","11":"product-type-simple"},"acf":[],"_links":{"self":[{"href":"https:\/\/aaronabelmaldonado.com\/fr\/wp-json\/wp\/v2\/product\/1419","targetHints":{"allow":["GET"]}}],"collection":[{"href":"https:\/\/aaronabelmaldonado.com\/fr\/wp-json\/wp\/v2\/product"}],"about":[{"href":"https:\/\/aaronabelmaldonado.com\/fr\/wp-json\/wp\/v2\/types\/product"}],"replies":[{"embeddable":true,"href":"https:\/\/aaronabelmaldonado.com\/fr\/wp-json\/wp\/v2\/comments?post=1419"}],"wp:featuredmedia":[{"embeddable":true,"href":"https:\/\/aaronabelmaldonado.com\/fr\/wp-json\/wp\/v2\/media\/649"}],"wp:attachment":[{"href":"https:\/\/aaronabelmaldonado.com\/fr\/wp-json\/wp\/v2\/media?parent=1419"}],"wp:term":[{"taxonomy":"product_brand","embeddable":true,"href":"https:\/\/aaronabelmaldonado.com\/fr\/wp-json\/wp\/v2\/product_brand?post=1419"},{"taxonomy":"product_cat","embeddable":true,"href":"https:\/\/aaronabelmaldonado.com\/fr\/wp-json\/wp\/v2\/product_cat?post=1419"},{"taxonomy":"product_tag","embeddable":true,"href":"https:\/\/aaronabelmaldonado.com\/fr\/wp-json\/wp\/v2\/product_tag?post=1419"}],"curies":[{"name":"wp","href":"https:\/\/api.w.org\/{rel}","templated":true}]}}