{"id":1779,"date":"2025-02-23T21:06:09","date_gmt":"2025-02-24T02:06:09","guid":{"rendered":"https:\/\/aaronabelmaldonado.com\/?post_type=product&#038;p=1779"},"modified":"2025-02-23T21:21:40","modified_gmt":"2025-02-24T02:21:40","slug":"taller-amate","status":"publish","type":"product","link":"https:\/\/aaronabelmaldonado.com\/fr\/produit\/taller-amate\/","title":{"rendered":"Atelier \u00c1mate"},"content":{"rendered":"<p><span style=\"font-weight: 400;\">La experiencia <strong>\u00c1MATE, \u201cConecta con el Poder de tu Ser\u201d<\/strong> tiene como objetivo que aprendas a identificar, soltar y reprogramar de forma consciente los pensamientos, juicios y creencias limitantes que hasta ahora has sostenido sobre ti mismo, sobre tu val\u00eda, identidad, capacidad, confianza, valores, dones y talentos, inclusive las creencias que sostienes sobre tu prop\u00f3sito en el mundo.\u00a0<\/span><\/p>\n<p><strong>Si deseas usar otro m\u00e9todo de pago o tienes preguntas escribe a nuestro Atenci\u00f3n al Cliente aqu\u00ed: <span style=\"color: #000080;\"><a style=\"color: #000080;\" href=\"https:\/\/wa.link\/6ebt8j\">WhatsApp: +57 314 6348168<\/a><\/span><\/strong><\/p>","protected":false},"excerpt":{"rendered":"<p>La experiencia \u00c1MATE, \u201cConecta con el Poder de tu Ser\u201d tiene como objetivo que aprendas a identificar, soltar y reprogramar de forma consciente los pensamientos, juicios y creencias limitantes que hasta ahora has sostenido sobre ti mismo, sobre tu val\u00eda, identidad, capacidad, confianza, valores, dones y talentos, inclusive las creencias que sostienes sobre tu prop\u00f3sito [&hellip;]<\/p>","protected":false},"featured_media":1123,"comment_status":"closed","ping_status":"closed","template":"","meta":{"_acf_changed":false,"_joinchat":[]},"product_brand":[],"product_cat":[30],"product_tag":[],"class_list":{"0":"post-1779","1":"product","2":"type-product","3":"status-publish","4":"has-post-thumbnail","6":"product_cat-talleres","8":"first","9":"instock","10":"shipping-taxable","11":"product-type-simple"},"acf":[],"_links":{"self":[{"href":"https:\/\/aaronabelmaldonado.com\/fr\/wp-json\/wp\/v2\/product\/1779","targetHints":{"allow":["GET"]}}],"collection":[{"href":"https:\/\/aaronabelmaldonado.com\/fr\/wp-json\/wp\/v2\/product"}],"about":[{"href":"https:\/\/aaronabelmaldonado.com\/fr\/wp-json\/wp\/v2\/types\/product"}],"replies":[{"embeddable":true,"href":"https:\/\/aaronabelmaldonado.com\/fr\/wp-json\/wp\/v2\/comments?post=1779"}],"wp:featuredmedia":[{"embeddable":true,"href":"https:\/\/aaronabelmaldonado.com\/fr\/wp-json\/wp\/v2\/media\/1123"}],"wp:attachment":[{"href":"https:\/\/aaronabelmaldonado.com\/fr\/wp-json\/wp\/v2\/media?parent=1779"}],"wp:term":[{"taxonomy":"product_brand","embeddable":true,"href":"https:\/\/aaronabelmaldonado.com\/fr\/wp-json\/wp\/v2\/product_brand?post=1779"},{"taxonomy":"product_cat","embeddable":true,"href":"https:\/\/aaronabelmaldonado.com\/fr\/wp-json\/wp\/v2\/product_cat?post=1779"},{"taxonomy":"product_tag","embeddable":true,"href":"https:\/\/aaronabelmaldonado.com\/fr\/wp-json\/wp\/v2\/product_tag?post=1779"}],"curies":[{"name":"wp","href":"https:\/\/api.w.org\/{rel}","templated":true}]}}